{"id":655,"date":"2025-03-05T18:45:10","date_gmt":"2025-03-05T18:45:10","guid":{"rendered":"https:\/\/provencesejour.com\/?page_id=655"},"modified":"2026-03-10T14:03:18","modified_gmt":"2026-03-10T14:03:18","slug":"conditions-generales","status":"publish","type":"page","link":"https:\/\/provencesejour.com\/fr\/conditions-generales\/","title":{"rendered":"Conditions G\u00e9n\u00e9rales"},"content":{"rendered":"\t\t<div data-elementor-type=\"wp-page\" data-elementor-id=\"655\" class=\"elementor elementor-655\">\n\t\t\t\t<div class=\"elementor-element elementor-element-d6f29ed e-flex e-con-boxed e-con e-parent\" data-id=\"d6f29ed\" data-element_type=\"container\" data-e-type=\"container\">\n\t\t\t\t\t<div class=\"e-con-inner\">\n\t\t\t\t<div class=\"elementor-element elementor-element-e749d05 elementor-widget elementor-widget-text-editor\" data-id=\"e749d05\" data-element_type=\"widget\" data-e-type=\"widget\" data-widget_type=\"text-editor.default\">\n\t\t\t\t\t\t\t\t\t<h1>Conditions g\u00e9n\u00e9rales<\/h1><h1>Provence s\u00e9jour<\/h1>\t\t\t\t\t\t\t\t<\/div>\n\t\t\t\t\t<\/div>\n\t\t\t\t<\/div>\n\t\t<div class=\"elementor-element elementor-element-72a7894 e-flex e-con-boxed e-con e-parent\" data-id=\"72a7894\" data-element_type=\"container\" data-e-type=\"container\">\n\t\t\t\t\t<div class=\"e-con-inner\">\n\t\t\t\t<div class=\"elementor-element elementor-element-2745a7c elementor-widget elementor-widget-text-editor\" data-id=\"2745a7c\" data-element_type=\"widget\" data-e-type=\"widget\" data-widget_type=\"text-editor.default\">\n\t\t\t\t\t\t\t\t\t<h2 data-section-id=\"jm8o16\" data-start=\"731\" data-end=\"753\">1. Mentions l\u00e9gales<\/h2><p data-start=\"755\" data-end=\"1010\">Conform\u00e9ment aux dispositions de la loi n\u00b02004-575 du 21 juin 2004 pour la confiance dans l\u2019\u00e9conomie num\u00e9rique, il est pr\u00e9cis\u00e9 aux utilisateurs du site Provence S\u00e9jour l\u2019identit\u00e9 des diff\u00e9rents intervenants dans le cadre de sa r\u00e9alisation et de son suivi.<\/p><h3 data-section-id=\"1a8tri\" data-start=\"1012\" data-end=\"1031\">\u00c9diteur du site<\/h3><p data-start=\"1033\" data-end=\"1076\">Le site <strong data-start=\"1041\" data-end=\"1060\">Provence S\u00e9jour<\/strong> est \u00e9dit\u00e9 par :<\/p><p data-start=\"1078\" data-end=\"1208\">Provence S\u00e9jour<br data-start=\"1093\" data-end=\"1096\" \/>Claude Collinet<br data-start=\"1128\" data-end=\"1131\" \/>Adresse : 614 Grande route de Carpentras<br data-start=\"1159\" data-end=\"1162\" \/>T\u00e9l\u00e9phone : 06.10.78.04.12<br data-start=\"1182\" data-end=\"1185\" \/>Email : collinet.claude@gmail.com<\/p><p data-start=\"1210\" data-end=\"1262\">Directeur de la publication :<br data-start=\"1239\" data-end=\"1242\" \/>Claude Collinet<\/p><h3 data-section-id=\"ouvldu\" data-start=\"1264\" data-end=\"1279\">H\u00e9bergement<\/h3><p data-start=\"1281\" data-end=\"1306\">Le site est h\u00e9berg\u00e9 par :<\/p><p data-start=\"1308\" data-end=\"1412\"><span class=\"hover:entity-accent entity-underline inline cursor-pointer align-baseline\"><span class=\"whitespace-normal\">IONOS<\/span><\/span><br data-start=\"1345\" data-end=\"1348\" \/>7 place de la Gare<br data-start=\"1366\" data-end=\"1369\" \/>57200 Sarreguemines<br data-start=\"1388\" data-end=\"1391\" \/>France<br data-start=\"1397\" data-end=\"1400\" \/><a class=\"decorated-link cursor-pointer\" target=\"_new\" rel=\"noopener\" data-start=\"1400\" data-end=\"1412\">www.ionos.fr<\/a><\/p><h3 data-section-id=\"1xchspl\" data-start=\"1414\" data-end=\"1434\">Cr\u00e9ation du site<\/h3><p data-start=\"1436\" data-end=\"1463\">Site internet r\u00e9alis\u00e9 par :<\/p><p data-start=\"1465\" data-end=\"1565\">Elisa Testud<br data-start=\"1477\" data-end=\"1480\" \/>COM dans un r\u00eave<br data-start=\"1496\" data-end=\"1499\" \/>Photographie \u2013 cr\u00e9ation de sites internet \u2013 communication digitale<\/p><hr data-start=\"1567\" data-end=\"1570\" \/><h2 data-section-id=\"1fw7pj1\" data-start=\"1572\" data-end=\"1620\">2. Conditions g\u00e9n\u00e9rales d\u2019utilisation du site<\/h2><p data-start=\"1622\" data-end=\"1762\">L\u2019utilisation du site <strong data-start=\"1644\" data-end=\"1663\">Provence S\u00e9jour<\/strong> implique l\u2019acceptation pleine et enti\u00e8re des conditions g\u00e9n\u00e9rales d\u2019utilisation ci-apr\u00e8s d\u00e9crites.<\/p><p data-start=\"1764\" data-end=\"1856\">Ces conditions d\u2019utilisation sont susceptibles d\u2019\u00eatre modifi\u00e9es ou compl\u00e9t\u00e9es \u00e0 tout moment.<\/p><p data-start=\"1858\" data-end=\"2007\">Le site est normalement accessible \u00e0 tout moment aux utilisateurs. Une interruption pour raison de maintenance technique peut toutefois \u00eatre d\u00e9cid\u00e9e.<\/p><hr data-start=\"2009\" data-end=\"2012\" \/><h2 data-section-id=\"ztag9k\" data-start=\"2014\" data-end=\"2052\">3. Description des services fournis<\/h2><p data-start=\"2054\" data-end=\"2165\">Le site <strong data-start=\"2062\" data-end=\"2081\">Provence S\u00e9jour<\/strong> a pour objet de pr\u00e9senter des logements de location touristique situ\u00e9s en Provence.<\/p><p data-start=\"2167\" data-end=\"2298\">Les informations fournies sur le site sont donn\u00e9es \u00e0 titre indicatif et sont susceptibles d\u2019\u00e9voluer. Elles ne sont pas exhaustives.<\/p><p data-start=\"2300\" data-end=\"2438\">Les propri\u00e9taires des logements restent responsables des informations relatives \u00e0 leurs biens (tarifs, disponibilit\u00e9s, \u00e9quipements, etc.).<\/p><hr data-start=\"2440\" data-end=\"2443\" \/><h2 data-section-id=\"fz58ei\" data-start=\"2445\" data-end=\"2476\">4. Conditions de r\u00e9servation<\/h2><p data-start=\"613\" data-end=\"835\">Le site <strong data-start=\"621\" data-end=\"640\">Provence S\u00e9jour<\/strong> a pour vocation de pr\u00e9senter des logements de location touristique situ\u00e9s en Provence et de faciliter la prise de contact entre les voyageurs et les propri\u00e9taires ou gestionnaires des logements.<\/p><p data-start=\"837\" data-end=\"910\">Le site ne propose pas de syst\u00e8me de r\u00e9servation ou de paiement en ligne.<\/p><p data-start=\"912\" data-end=\"1050\">Les demandes de r\u00e9servation effectu\u00e9es via le site sont transmises directement aux propri\u00e9taires ou gestionnaires des logements concern\u00e9s.<\/p><p data-start=\"1052\" data-end=\"1261\">Les conditions de location, les tarifs, les modalit\u00e9s de paiement, les conditions d\u2019annulation et toute autre condition contractuelle sont d\u00e9finis directement entre le locataire et le propri\u00e9taire du logement.<\/p><p data-start=\"1263\" data-end=\"1465\">Le site <strong data-start=\"1271\" data-end=\"1290\">Provence S\u00e9jour<\/strong> agit uniquement en tant que plateforme de pr\u00e9sentation et de mise en relation et ne peut \u00eatre tenu responsable des contrats conclus entre les locataires et les propri\u00e9taires.<\/p><hr data-start=\"2870\" data-end=\"2873\" \/><h2 data-section-id=\"axra8t\" data-start=\"2875\" data-end=\"2905\">5. Propri\u00e9t\u00e9 intellectuelle<\/h2><p data-start=\"2907\" data-end=\"3075\">L\u2019ensemble des contenus pr\u00e9sents sur le site (textes, images, photographies, logos, graphismes, vid\u00e9os, etc.) sont prot\u00e9g\u00e9s par le droit de la propri\u00e9t\u00e9 intellectuelle.<\/p><p data-start=\"3077\" data-end=\"3221\">Toute reproduction, repr\u00e9sentation, modification ou adaptation de tout ou partie des \u00e9l\u00e9ments du site est interdite sans autorisation pr\u00e9alable.<\/p><p data-start=\"3223\" data-end=\"3285\">Les photographies peuvent \u00eatre soumises \u00e0 des droits d\u2019auteur.<\/p><hr data-start=\"3287\" data-end=\"3290\" \/><h2 data-section-id=\"kyu295\" data-start=\"3292\" data-end=\"3312\">6. Responsabilit\u00e9<\/h2><p data-start=\"3314\" data-end=\"3468\">Le site <strong data-start=\"3322\" data-end=\"3341\">Provence S\u00e9jour<\/strong> ne pourra \u00eatre tenu responsable des dommages directs ou indirects caus\u00e9s au mat\u00e9riel de l\u2019utilisateur lors de l\u2019acc\u00e8s au site.<\/p><p data-start=\"3470\" data-end=\"3591\">Le site ne pourra \u00eatre tenu responsable des litiges \u00e9ventuels entre locataires et propri\u00e9taires concernant les locations.<\/p><hr data-start=\"3593\" data-end=\"3596\" \/><h2 data-section-id=\"1ikqu6p\" data-start=\"3598\" data-end=\"3639\">7. Protection des donn\u00e9es personnelles<\/h2><p data-start=\"3641\" data-end=\"3718\">Le site peut collecter certaines donn\u00e9es personnelles lorsque l\u2019utilisateur :<\/p><ul data-start=\"3720\" data-end=\"3813\"><li data-section-id=\"meywxl\" data-start=\"3720\" data-end=\"3754\"><p data-start=\"3722\" data-end=\"3754\">remplit un formulaire de contact<\/p><\/li><li data-section-id=\"b8fexu\" data-start=\"3755\" data-end=\"3791\"><p data-start=\"3757\" data-end=\"3791\">effectue une demande d\u2019information<\/p><\/li><li data-section-id=\"19wcrq1\" data-start=\"3792\" data-end=\"3813\"><p data-start=\"3794\" data-end=\"3813\">navigue sur le site<\/p><\/li><\/ul><p data-start=\"3815\" data-end=\"3855\">Les donn\u00e9es collect\u00e9es peuvent inclure :<\/p><ul data-start=\"3857\" data-end=\"3938\"><li data-section-id=\"16a4les\" data-start=\"3857\" data-end=\"3864\"><p data-start=\"3859\" data-end=\"3864\">nom<\/p><\/li><li data-section-id=\"p94amr\" data-start=\"3865\" data-end=\"3882\"><p data-start=\"3867\" data-end=\"3882\">adresse email<\/p><\/li><li data-section-id=\"17v6zlb\" data-start=\"3883\" data-end=\"3906\"><p data-start=\"3885\" data-end=\"3906\">num\u00e9ro de t\u00e9l\u00e9phone<\/p><\/li><li data-section-id=\"19mxuz3\" data-start=\"3907\" data-end=\"3938\"><p data-start=\"3909\" data-end=\"3938\">message envoy\u00e9 via formulaire<\/p><\/li><\/ul><p data-start=\"3940\" data-end=\"4022\">Ces donn\u00e9es sont utilis\u00e9es uniquement pour r\u00e9pondre aux demandes des utilisateurs.<\/p><p data-start=\"4024\" data-end=\"4075\">Elles ne sont ni vendues ni transmises \u00e0 des tiers.<\/p><p data-start=\"4077\" data-end=\"4187\">Conform\u00e9ment au <strong data-start=\"4093\" data-end=\"4151\">R\u00e8glement G\u00e9n\u00e9ral sur la Protection des Donn\u00e9es (RGPD)<\/strong>, l\u2019utilisateur dispose d\u2019un droit :<\/p><ul data-start=\"4189\" data-end=\"4255\"><li data-section-id=\"zhfa9b\" data-start=\"4189\" data-end=\"4200\"><p data-start=\"4191\" data-end=\"4200\">d\u2019acc\u00e8s<\/p><\/li><li data-section-id=\"1604f9t\" data-start=\"4201\" data-end=\"4221\"><p data-start=\"4203\" data-end=\"4221\">de rectification<\/p><\/li><li data-section-id=\"qlisvk\" data-start=\"4222\" data-end=\"4240\"><p data-start=\"4224\" data-end=\"4240\">de suppression<\/p><\/li><li data-section-id=\"13eomur\" data-start=\"4241\" data-end=\"4255\"><p data-start=\"4243\" data-end=\"4255\">d\u2019opposition<\/p><\/li><\/ul><p data-start=\"4257\" data-end=\"4341\">Pour exercer ces droits, l\u2019utilisateur peut contacter :<br data-start=\"4312\" data-end=\"4315\" \/>contact@com-dans-un-reve.fr<\/p><hr data-start=\"4343\" data-end=\"4346\" \/><h2 data-section-id=\"3elzhg\" data-start=\"4348\" data-end=\"4361\">8. Cookies<\/h2><p data-start=\"4363\" data-end=\"4464\">La navigation sur le site peut entra\u00eener l\u2019installation de cookies sur l\u2019ordinateur de l\u2019utilisateur.<\/p><p data-start=\"4466\" data-end=\"4500\">Les cookies permettent notamment :<\/p><ul data-start=\"4502\" data-end=\"4604\"><li data-section-id=\"1tzg0q9\" data-start=\"4502\" data-end=\"4542\"><p data-start=\"4504\" data-end=\"4542\">d\u2019am\u00e9liorer l\u2019exp\u00e9rience utilisateur<\/p><\/li><li data-section-id=\"1160fi1\" data-start=\"4543\" data-end=\"4576\"><p data-start=\"4545\" data-end=\"4576\">de mesurer l\u2019audience du site<\/p><\/li><li data-section-id=\"14va8k0\" data-start=\"4577\" data-end=\"4604\"><p data-start=\"4579\" data-end=\"4604\">d\u2019optimiser la navigation<\/p><\/li><\/ul><p data-start=\"4606\" data-end=\"4694\">L\u2019utilisateur peut configurer son navigateur afin de refuser l\u2019installation des cookies.<\/p><hr data-start=\"4696\" data-end=\"4699\" \/><h2 data-section-id=\"1s4py1n\" data-start=\"4701\" data-end=\"4723\">9. Droit applicable<\/h2><p data-start=\"4725\" data-end=\"4821\">Tout litige en relation avec l\u2019utilisation du site Provence S\u00e9jour est soumis au droit fran\u00e7ais.<\/p>\t\t\t\t\t\t\t\t<\/div>\n\t\t\t\t\t<\/div>\n\t\t\t\t<\/div>\n\t\t\t\t<\/div>\n\t\t","protected":false},"excerpt":{"rendered":"<p>Conditions g\u00e9n\u00e9rales Provence s\u00e9jour 1. Mentions l\u00e9gales Conform\u00e9ment aux dispositions de la loi n\u00b02004-575 du 21 juin 2004 pour la confiance dans l\u2019\u00e9conomie num\u00e9rique, il est pr\u00e9cis\u00e9 aux utilisateurs du site Provence S\u00e9jour l\u2019identit\u00e9 des diff\u00e9rents intervenants dans le cadre de sa r\u00e9alisation et de son suivi. \u00c9diteur du site Le site Provence S\u00e9jour est [&hellip;]<\/p>\n","protected":false},"author":1,"featured_media":0,"parent":0,"menu_order":0,"comment_status":"closed","ping_status":"closed","template":"","meta":{"_glsr_average":0,"_glsr_ranking":0,"_glsr_reviews":0,"footnotes":""},"class_list":["post-655","page","type-page","status-publish","hentry"],"blocksy_meta":[],"_links":{"self":[{"href":"https:\/\/provencesejour.com\/fr\/wp-json\/wp\/v2\/pages\/655","targetHints":{"allow":["GET"]}}],"collection":[{"href":"https:\/\/provencesejour.com\/fr\/wp-json\/wp\/v2\/pages"}],"about":[{"href":"https:\/\/provencesejour.com\/fr\/wp-json\/wp\/v2\/types\/page"}],"author":[{"embeddable":true,"href":"https:\/\/provencesejour.com\/fr\/wp-json\/wp\/v2\/users\/1"}],"replies":[{"embeddable":true,"href":"https:\/\/provencesejour.com\/fr\/wp-json\/wp\/v2\/comments?post=655"}],"version-history":[{"count":0,"href":"https:\/\/provencesejour.com\/fr\/wp-json\/wp\/v2\/pages\/655\/revisions"}],"wp:attachment":[{"href":"https:\/\/provencesejour.com\/fr\/wp-json\/wp\/v2\/media?parent=655"}],"curies":[{"name":"wp","href":"https:\/\/api.w.org\/{rel}","templated":true}]}}